{"id":1212,"date":"2025-12-11T10:34:14","date_gmt":"2025-12-11T13:34:14","guid":{"rendered":"https:\/\/www.paao2026.com\/?page_id=1212"},"modified":"2025-12-11T17:30:33","modified_gmt":"2025-12-11T20:30:33","slug":"coordinadores","status":"publish","type":"page","link":"https:\/\/www.paao2026.com\/en\/coordinadores\/","title":{"rendered":"Coordinadores"},"content":{"rendered":"<div id=\"pl-1212\"  class=\"panel-layout\" ><div id=\"pg-1212-0\"  class=\"panel-grid panel-has-style\" ><div class=\"panel-row-style panel-row-style-for-1212-0\" ><div id=\"pgc-1212-0-0\"  class=\"panel-grid-cell\" ><div id=\"panel-1212-0-0-0\" class=\"so-panel widget widget_sow-headline panel-first-child panel-last-child\" data-index=\"0\" ><div class=\"panel-widget-style panel-widget-style-for-1212-0-0-0\" ><div\n\t\t\t\n\t\t\tclass=\"so-widget-sow-headline so-widget-sow-headline-default-2a00bb161e10-1212\"\n\t\t\t\n\t\t><div class=\"sow-headline-container \">\n\t\t\t\t\t\t\t<h1 class=\"sow-headline\">\n\t\t\t\t\t\tCOORDINADORES\t\t\t\t\t\t<\/h1>\n\t\t\t\t\t\t\t\t\t\t\t<div class=\"decoration\">\n\t\t\t\t\t\t<div class=\"decoration-inside\"><\/div>\n\t\t\t\t\t<\/div>\n\t\t\t\t\t<\/div>\n<\/div><\/div><\/div><\/div><\/div><\/div><div id=\"pg-1212-1\"  class=\"panel-grid panel-no-style\" ><div id=\"pgc-1212-1-0\"  class=\"panel-grid-cell\" ><div id=\"panel-1212-1-0-0\" class=\"widget_text so-panel widget widget_custom_html panel-first-child panel-last-child\" data-index=\"1\" ><div class=\"textwidget custom-html-widget\">\n\n<style id=\"filter-grids-custom-css-1\">.content-area .search-form button[type=submit] {\r\n\ttop:0;\r\n}     \r\n\/* Quitar bordes de las cajas *\/\r\n.ymc-post-layout1.post-item,\r\n.ymc-smart-filter-container,\r\n.filter-layout5 .filter-entry,\r\n.search-layout .search-form,\r\n.search-form .form-inner,\r\n.dropdown-filter,\r\n.menu-passive {\r\n    border: none !important;\r\n    box-shadow: none !important;\r\n    outline: none !important;\r\n}\r\n\r\n\/* Quitar animaci\u00f3n de las im\u00e1genes al pasar el cursor *\/\r\n.ymc-post-layout1 figure.media img {\r\n    transition: none !important;\r\n    transform: none !important;\r\n}\r\n\r\n.ymc-post-layout1 figure.media:hover img {\r\n    transform: none !important;\r\n    filter: none !important;\r\n}\r\n\r\n\/* Quitar cualquier transformaci\u00f3n o animaci\u00f3n en el contenedor de la imagen *\/\r\n.ymc-post-layout1 .media-link {\r\n    transition: none !important;\r\n}\r\n\r\n.ymc-post-layout1:hover .media-link {\r\n    transform: none !important;\r\n}\r\n\r\n\/* Centrar las categor\u00edas *\/\r\n.ymc-post-layout1 .category {\r\n    text-align: center !important;\r\n    display: flex !important;\r\n    justify-content: center !important;\r\n    flex-wrap: wrap !important;\r\n    gap: 5px !important;\r\n}    \r\n.ymc-smart-filter-container .filter-layout5 .dropdown-filter .menu-passive, .ymc-extra-filter .filter-layout5 .dropdown-filter .menu-passive, .ymc-extra-search .filter-layout5 .dropdown-filter .menu-passive, .ymc-extra-sort .filter-layout5 .dropdown-filter .menu-passive {\r\nbackground: #011C34;\r\n} \r\n.ymc-smart-filter-container .container-posts .post-layout1 .ymc-post-layout1 .category .cat-inner, .ymc-extra-filter .container-posts .post-layout1 .ymc-post-layout1 .category .cat-inner, .ymc-extra-search .container-posts .post-layout1 .ymc-post-layout1 .category .cat-inner, .ymc-extra-sort .container-posts .post-layout1 .ymc-post-layout1 .category .cat-inner {\r\nbackground: #011C34;\r\n}<\/style><style id=\"filter-inline-css-1\">#ymc-smart-filter-container-1 .filter-layout5 .filter-entry .menu-passive .menu-link, #ymc-extra-filter-1 .filter-layout5 .filter-entry .menu-passive .menu-link, #ymc-smart-filter-container-1 .filter-layout5 .filter-entry .menu-passive .menu-link:before, #ymc-extra-filter-1 .filter-layout5 .filter-entry .menu-passive .menu-link:before, #ymc-smart-filter-container-1 .filter-layout5 .filter-entry .menu-passive .menu-link:after, #ymc-extra-filter-1 .filter-layout5 .filter-entry .menu-passive .menu-link:after {color:#ffffff; border-color:#ffffff}#ymc-smart-filter-container-1 .filter-layout5 .filter-entry .menu-passive .menu-link.active, #ymc-extra-filter-1 .filter-layout5 .filter-entry .menu-passive .menu-link.active {color:#f7f7f7}<\/style><div id=\"ymc-smart-filter-container-1\" \r\n\t\t\t\t  class=\"ymc-smart-filter-container ymc-filter-1214 ymc-loaded-filter ymc-filter-layout5 ymc-post-layout1 ymc-pagination-scroll-infinity data-target-ymc1214-1 data-target-ymc1 \" data-loading=\"true\"\r\n\t\t\t\t  data-params='{\"cpt\":\"coordinadores\",\"tax\":\"categoria_coordinador\",\"terms\":\"27,37,28,32,45,25,23,31,40,22,26,24,38,41,36,35,39,34,33,21,42,43,44,29,30\",\"default_terms\":\"\",\"exclude_posts\":\"off\",\"choices_posts\":\"\",\"posts_selected\":\"all\",\"preloader_icon\":\"preloader_1\",\"type_pg\":\"scroll-infinity\",\"per_page\":\"20\",\"page\":\"1\",\"page_scroll\":\"1\",\"preloader_filters\":\"none\",\"preloader_filters_rate\":\"0.5\",\"preloader_filters_custom\":\"\",\"post_animation\":\"\",\"popup_animation\":\"fade-in\",\"letter\":\"\",\"post_layout\":\"post-layout1\",\"filter_layout\":\"filter-layout5\",\"filter_id\":\"1214\",\"search\":\"\",\"search_filtered_posts\":\"0\",\"carousel_params\":&quot;&quot;,\"filter_date\":\"\",\"sort_order\":\"\",\"sort_orderby\":\"\",\"meta_key\":\"\",\"meta_query\":\"\",\"date_query\":\"\",\"data_target\":\"data-target-ymc1\",\"target_id\":\"1\",\"page_id\":\"0\"}'>\n<div id=\"search-layout\" class=\"search-layout\">\n\n    <form class=\"search-form\">\n\n        <div class=\"form-inner\">\n\n            <div class=\"component-input\">\n                <input id=\"field-search\" class=\"search-form__input field-search\" type=\"text\" name=\"search\" autocomplete=\"off\" value=\"\" placeholder=\"Buscar coordinador...\">\n                <ul class=\"autocomplete-results results\"><\/ul>\n                <span class=\"clear\"><i class=\"fas fa-times\"><\/i><\/span>\n            <\/div>\n\n            <button class=\"search-form__submit btn-submit\" type=\"submit\">\n                Buscar            <\/button>\n\n        <\/div>\n\n    <\/form>\n\n<\/div>\n\n\n\n\n\n\n\n\n\r\n\r\n<div id=\"filter-layout5-1\" class=\"filter-layout filter-layout5 filter-layout5-1214 filter-layout5-1214-1\">\r\n\r\n\t\r\n    \r\n    <div class=\"filter-entry\" data-terms=\"27,37,28,32,45,25,23,31,40,22,26,24,38,41,36,35,39,34,33,21,42,43,44,29,30\" data-text-all=\"All\">\r\n\r\n\t\t<div class=\"dropdown-filter tax-categoria_coordinador\"><div class=\"name-category\">Categor\u00edas<\/div><div class=\"menu-active\" style=\"\"><span class=\"text-cat\">All<\/span> <i class=\"arrow down\"><\/i><\/div><div class=\"menu-passive\"><i class=\"btn-close\">x<\/i><div class=\"menu-passive__item item-all\">\r\n                    <a class=\"menu-link all  active\" aria-label=\"All\" role=\"link\" data-name=\"All\" data-termid=\"27,37,28,32,45,25,23,31,40,22,26,24,38,41,36,35,39,34,33,21,42,43,44,29,30\">All<\/a><\/div><div class=\"menu-passive__inner-items\"><div class=\"menu-passive__item item-baja-vision \">\r\n\t\t\t\t\t\t\t  \r\n                              <a class=\"menu-link    \" style=\"\" \r\n                              aria-label=\"Baja Visi\u00f3n\" role=\"link\" data-selected=\"baja-vision\" data-termid=\"27\" data-name=\"Baja Visi\u00f3n\">Baja Visi\u00f3n <span class=\"count\">3<\/span><\/a><\/div><div class=\"menu-passive__item item-capitulo-mujer \">\r\n\t\t\t\t\t\t\t  \r\n                              <a class=\"menu-link    \" style=\"\" \r\n                              aria-label=\"Cap\u00edtulo Mujer\" role=\"link\" data-selected=\"capitulo-mujer\" data-termid=\"37\" data-name=\"Cap\u00edtulo Mujer\">Cap\u00edtulo Mujer <span class=\"count\">3<\/span><\/a><\/div><div class=\"menu-passive__item item-cataratas-cristalino \">\r\n\t\t\t\t\t\t\t  \r\n                              <a class=\"menu-link    \" style=\"\" \r\n                              aria-label=\"Cataratas \u2013 Cristalino\" role=\"link\" data-selected=\"cataratas-cristalino\" data-termid=\"28\" data-name=\"Cataratas \u2013 Cristalino\">Cataratas \u2013 Cristalino <span class=\"count\">3<\/span><\/a><\/div><div class=\"menu-passive__item item-cornea \">\r\n\t\t\t\t\t\t\t  \r\n                              <a class=\"menu-link    \" style=\"\" \r\n                              aria-label=\"C\u00f3rnea\" role=\"link\" data-selected=\"cornea\" data-termid=\"32\" data-name=\"C\u00f3rnea\">C\u00f3rnea <span class=\"count\">5<\/span><\/a><\/div><div class=\"menu-passive__item item-educacion-medica \">\r\n\t\t\t\t\t\t\t  \r\n                              <a class=\"menu-link    \" style=\"\" \r\n                              aria-label=\"Educaci\u00f3n m\u00e9dica\" role=\"link\" data-selected=\"educacion-medica\" data-termid=\"45\" data-name=\"Educaci\u00f3n m\u00e9dica\">Educaci\u00f3n m\u00e9dica <span class=\"count\">4<\/span><\/a><\/div><div class=\"menu-passive__item item-estrabismo \">\r\n\t\t\t\t\t\t\t  \r\n                              <a class=\"menu-link    \" style=\"\" \r\n                              aria-label=\"Estrabismo\" role=\"link\" data-selected=\"estrabismo\" data-termid=\"25\" data-name=\"Estrabismo\">Estrabismo <span class=\"count\">3<\/span><\/a><\/div><div class=\"menu-passive__item item-glaucoma \">\r\n\t\t\t\t\t\t\t  \r\n                              <a class=\"menu-link    \" style=\"\" \r\n                              aria-label=\"Glaucoma\" role=\"link\" data-selected=\"glaucoma\" data-termid=\"23\" data-name=\"Glaucoma\">Glaucoma <span class=\"count\">3<\/span><\/a><\/div><div class=\"menu-passive__item item-imagenes-ecografia \">\r\n\t\t\t\t\t\t\t  \r\n                              <a class=\"menu-link    \" style=\"\" \r\n                              aria-label=\"Im\u00e1genes \u2013 Ecograf\u00eda\" role=\"link\" data-selected=\"imagenes-ecografia\" data-termid=\"31\" data-name=\"Im\u00e1genes \u2013 Ecograf\u00eda\">Im\u00e1genes \u2013 Ecograf\u00eda <span class=\"count\">2<\/span><\/a><\/div><div class=\"menu-passive__item item-investigacion \">\r\n\t\t\t\t\t\t\t  \r\n                              <a class=\"menu-link    \" style=\"\" \r\n                              aria-label=\"Investigaci\u00f3n\" role=\"link\" data-selected=\"investigacion\" data-termid=\"40\" data-name=\"Investigaci\u00f3n\">Investigaci\u00f3n <span class=\"count\">3<\/span><\/a><\/div><div class=\"menu-passive__item item-liderazgo \">\r\n\t\t\t\t\t\t\t  \r\n                              <a class=\"menu-link    \" style=\"\" \r\n                              aria-label=\"Liderazgo\" role=\"link\" data-selected=\"liderazgo\" data-termid=\"22\" data-name=\"Liderazgo\">Liderazgo <span class=\"count\">3<\/span><\/a><\/div><div class=\"menu-passive__item item-neuroftalmologia \">\r\n\t\t\t\t\t\t\t  \r\n                              <a class=\"menu-link    \" style=\"\" \r\n                              aria-label=\"Neuroftalmolog\u00eda\" role=\"link\" data-selected=\"neuroftalmologia\" data-termid=\"26\" data-name=\"Neuroftalmolog\u00eda\">Neuroftalmolog\u00eda <span class=\"count\">3<\/span><\/a><\/div><div class=\"menu-passive__item item-oculoplastica \">\r\n\t\t\t\t\t\t\t  \r\n                              <a class=\"menu-link    \" style=\"\" \r\n                              aria-label=\"Oculopl\u00e1stica\" role=\"link\" data-selected=\"oculoplastica\" data-termid=\"24\" data-name=\"Oculopl\u00e1stica\">Oculopl\u00e1stica <span class=\"count\">3<\/span><\/a><\/div><div class=\"menu-passive__item item-oftalmologia-joven \">\r\n\t\t\t\t\t\t\t  \r\n                              <a class=\"menu-link    \" style=\"\" \r\n                              aria-label=\"Oftalmolog\u00eda Joven\" role=\"link\" data-selected=\"oftalmologia-joven\" data-termid=\"38\" data-name=\"Oftalmolog\u00eda Joven\">Oftalmolog\u00eda Joven <span class=\"count\">4<\/span><\/a><\/div><div class=\"menu-passive__item item-panird-genetica \">\r\n\t\t\t\t\t\t\t  \r\n                              <a class=\"menu-link    \" style=\"\" \r\n                              aria-label=\"PANIRD (gen\u00e9tica)\" role=\"link\" data-selected=\"panird-genetica\" data-termid=\"41\" data-name=\"PANIRD (gen\u00e9tica)\">PANIRD (gen\u00e9tica) <span class=\"count\">3<\/span><\/a><\/div><div class=\"menu-passive__item item-patologia \">\r\n\t\t\t\t\t\t\t  \r\n                              <a class=\"menu-link    \" style=\"\" \r\n                              aria-label=\"Patolog\u00eda\" role=\"link\" data-selected=\"patologia\" data-termid=\"36\" data-name=\"Patolog\u00eda\">Patolog\u00eda <span class=\"count\">2<\/span><\/a><\/div><div class=\"menu-passive__item item-pediatria \">\r\n\t\t\t\t\t\t\t  \r\n                              <a class=\"menu-link    \" style=\"\" \r\n                              aria-label=\"Pediatr\u00eda\" role=\"link\" data-selected=\"pediatria\" data-termid=\"35\" data-name=\"Pediatr\u00eda\">Pediatr\u00eda <span class=\"count\">3<\/span><\/a><\/div><div class=\"menu-passive__item item-presidentes-latam \">\r\n\t\t\t\t\t\t\t  \r\n                              <a class=\"menu-link    \" style=\"\" \r\n                              aria-label=\"Presidentes LATAM\" role=\"link\" data-selected=\"presidentes-latam\" data-termid=\"39\" data-name=\"Presidentes LATAM\">Presidentes LATAM <span class=\"count\">2<\/span><\/a><\/div><div class=\"menu-passive__item item-rop \">\r\n\t\t\t\t\t\t\t  \r\n                              <a class=\"menu-link    \" style=\"\" \r\n                              aria-label=\"ROP\" role=\"link\" data-selected=\"rop\" data-termid=\"42\" data-name=\"ROP\">ROP <span class=\"count\">2<\/span><\/a><\/div><div class=\"menu-passive__item item-refractiva \">\r\n\t\t\t\t\t\t\t  \r\n                              <a class=\"menu-link    \" style=\"\" \r\n                              aria-label=\"Refractiva\" role=\"link\" data-selected=\"refractiva\" data-termid=\"34\" data-name=\"Refractiva\">Refractiva <span class=\"count\">2<\/span><\/a><\/div><div class=\"menu-passive__item item-retina-medica \">\r\n\t\t\t\t\t\t\t  \r\n                              <a class=\"menu-link    \" style=\"\" \r\n                              aria-label=\"Retina M\u00e9dica\" role=\"link\" data-selected=\"retina-medica\" data-termid=\"33\" data-name=\"Retina M\u00e9dica\">Retina M\u00e9dica <span class=\"count\">2<\/span><\/a><\/div><div class=\"menu-passive__item item-retina-quirurgica \">\r\n\t\t\t\t\t\t\t  \r\n                              <a class=\"menu-link    \" style=\"\" \r\n                              aria-label=\"Retina Quir\u00fargica\" role=\"link\" data-selected=\"retina-quirurgica\" data-termid=\"21\" data-name=\"Retina Quir\u00fargica\">Retina Quir\u00fargica <span class=\"count\">2<\/span><\/a><\/div><div class=\"menu-passive__item item-simulacion \">\r\n\t\t\t\t\t\t\t  \r\n                              <a class=\"menu-link    \" style=\"\" \r\n                              aria-label=\"Simulaci\u00f3n\" role=\"link\" data-selected=\"simulacion\" data-termid=\"43\" data-name=\"Simulaci\u00f3n\">Simulaci\u00f3n <span class=\"count\">1<\/span><\/a><\/div><div class=\"menu-passive__item item-sutura-intraocular \">\r\n\t\t\t\t\t\t\t  \r\n                              <a class=\"menu-link    \" style=\"\" \r\n                              aria-label=\"Sutura Intraocular\" role=\"link\" data-selected=\"sutura-intraocular\" data-termid=\"44\" data-name=\"Sutura Intraocular\">Sutura Intraocular <span class=\"count\">2<\/span><\/a><\/div><div class=\"menu-passive__item item-trauma \">\r\n\t\t\t\t\t\t\t  \r\n                              <a class=\"menu-link    \" style=\"\" \r\n                              aria-label=\"Trauma\" role=\"link\" data-selected=\"trauma\" data-termid=\"29\" data-name=\"Trauma\">Trauma <span class=\"count\">3<\/span><\/a><\/div><div class=\"menu-passive__item item-uvea \">\r\n\t\t\t\t\t\t\t  \r\n                              <a class=\"menu-link    \" style=\"\" \r\n                              aria-label=\"\u00davea\" role=\"link\" data-selected=\"uvea\" data-termid=\"30\" data-name=\"\u00davea\">\u00davea <span class=\"count\">2<\/span><\/a><\/div><\/div><\/div><\/div>\r\n        <div class=\"selected-items\"><\/div>\r\n\r\n\t<\/div>\r\n\r\n    <div class=\"posts-found\"><\/div>\r\n\r\n    \r\n\t\r\n<\/div>\r\n\r\n\r\n<div class=\"container-posts container-post-layout1\"><div class=\"post-entry ymc-xs-col-1 ymc-sm-col-2 ymc-md-col-3 ymc-lg-col-4 ymc-xl-col-4 ymc-xxl-col-4 post-layout1 post-layout1-1214 post-layout1-1214-1\"><\/div><\/div>\n<div class=\"ymc-popup-overlay\" style=\"background: #14151899\"><div class=\"ymc-popup-wrp popup-1214 popup-1214-1 \" style=\"transform-origin:center center; width:50%;height:550px;\"><span class=\"btn-close\" title=\"Close\"><i class=\"fas fa-times\"><\/i><\/span><hr\/><div class=\"popup-entry\"><\/div><\/div><\/div><\/div><\/div><\/div><\/div><\/div><\/div>","protected":false},"excerpt":{"rendered":"<p>COORDINADORES Buscar Categor\u00edasAll x All Baja Visi\u00f3n 3 Cap\u00edtulo Mujer 3 Cataratas \u2013 Cristalino 3 C\u00f3rnea 5 Educaci\u00f3n m\u00e9dica 4 Estrabismo 3 Glaucoma 3 Im\u00e1genes \u2013 Ecograf\u00eda 2 Investigaci\u00f3n 3 Liderazgo 3 Neuroftalmolog\u00eda 3 Oculopl\u00e1stica 3 Oftalmolog\u00eda Joven 4 PANIRD (gen\u00e9tica) 3 Patolog\u00eda 2 Pediatr\u00eda 3 Presidentes LATAM 2 ROP 2 Refractiva 2 Retina M\u00e9dica&#8230;<\/p>\n<div class=\"more-link-wrapper\"><a class=\"more-link\" href=\"https:\/\/www.paao2026.com\/en\/coordinadores\/\"><span class=\"more-text\">Continue reading<\/span><\/a><\/div>","protected":false},"author":1,"featured_media":0,"parent":0,"menu_order":0,"comment_status":"closed","ping_status":"closed","template":"","meta":{"footnotes":""},"class_list":["post-1212","page","type-page","status-publish","hentry","post"],"_links":{"self":[{"href":"https:\/\/www.paao2026.com\/en\/wp-json\/wp\/v2\/pages\/1212","targetHints":{"allow":["GET"]}}],"collection":[{"href":"https:\/\/www.paao2026.com\/en\/wp-json\/wp\/v2\/pages"}],"about":[{"href":"https:\/\/www.paao2026.com\/en\/wp-json\/wp\/v2\/types\/page"}],"author":[{"embeddable":true,"href":"https:\/\/www.paao2026.com\/en\/wp-json\/wp\/v2\/users\/1"}],"replies":[{"embeddable":true,"href":"https:\/\/www.paao2026.com\/en\/wp-json\/wp\/v2\/comments?post=1212"}],"version-history":[{"count":4,"href":"https:\/\/www.paao2026.com\/en\/wp-json\/wp\/v2\/pages\/1212\/revisions"}],"predecessor-version":[{"id":1226,"href":"https:\/\/www.paao2026.com\/en\/wp-json\/wp\/v2\/pages\/1212\/revisions\/1226"}],"wp:attachment":[{"href":"https:\/\/www.paao2026.com\/en\/wp-json\/wp\/v2\/media?parent=1212"}],"curies":[{"name":"wp","href":"https:\/\/api.w.org\/{rel}","templated":true}]}}