{"id":77,"date":"2017-04-17T11:32:17","date_gmt":"2017-04-17T11:32:17","guid":{"rendered":"http:\/\/mybnb.packs.siteorigin.com\/?page_id=77"},"modified":"2025-07-22T18:18:34","modified_gmt":"2025-07-22T21:18:34","slug":"chile","status":"publish","type":"page","link":"https:\/\/www.paao2026.com\/en\/chile\/","title":{"rendered":"About Chile"},"content":{"rendered":"<div id=\"pl-77\"  class=\"panel-layout\" ><div id=\"pg-77-0\"  class=\"panel-grid panel-has-style\" ><div class=\"siteorigin-panels-stretch panel-row-style panel-row-style-for-77-0\" data-stretch-type=\"full-width-stretch\" ><div id=\"pgc-77-0-0\"  class=\"panel-grid-cell\" ><div id=\"panel-77-0-0-0\" class=\"so-panel widget widget_sow-hero panel-first-child panel-last-child\" data-index=\"0\" ><div class=\"panel-widget-style panel-widget-style-for-77-0-0-0\" ><div\n\t\t\t\n\t\t\tclass=\"so-widget-sow-hero so-widget-sow-hero-default-28c3466713d6-77 so-widget-fittext-wrapper\"\n\t\t\t data-fit-text-compressor=\"0.85\"\n\t\t>\t\t\t\t<div class=\"sow-slider-base\" style=\"display: none\" tabindex=\"0\">\n\t\t\t\t\t<ul\n\t\t\t\t\tclass=\"sow-slider-images\"\n\t\t\t\t\tdata-settings=\"{&quot;pagination&quot;:true,&quot;speed&quot;:800,&quot;timeout&quot;:8000,&quot;paused&quot;:false,&quot;pause_on_hover&quot;:false,&quot;swipe&quot;:true,&quot;nav_always_show_desktop&quot;:&quot;&quot;,&quot;nav_always_show_mobile&quot;:&quot;&quot;,&quot;breakpoint&quot;:&quot;780px&quot;,&quot;unmute&quot;:false,&quot;anchor&quot;:null}\"\n\t\t\t\t\t\t\t\t\t\tdata-anchor-id=\"\"\n\t\t\t\t>\t\t<li class=\"sow-slider-image  sow-slider-image-cover\" style=\"visibility: visible;;background-color: #333333\" >\n\t\t\t\t\t<div class=\"sow-slider-image-container\">\n\t\t\t<div class=\"sow-slider-image-wrapper\">\n\t\t\t\t<div class=\"sow-slider-image-container\">\n<div class=\"sow-slider-image-wrapper\">\n<h2 style=\"text-align: center\">DISCOVER CHILE<\/h2>\n<\/div>\n<\/div>\n\t\t\t<\/div>\n\t\t<\/div>\n\t\t<div class=\"sow-slider-image-overlay sow-slider-image-cover\" style=\"opacity: 0.85;background-image: url(https:\/\/www.paao2026.com\/wp-content\/uploads\/2025\/07\/paisajes-desierto-atacama-chile-scaled-1.webp)\"  ><\/div>\t\t<\/li>\n\t\t\t\t<li class=\"sow-slider-image  sow-slider-image-cover\" style=\"visibility: hidden;;background-color: #333333\" >\n\t\t\t\t\t<div class=\"sow-slider-image-container\">\n\t\t\t<div class=\"sow-slider-image-wrapper\">\n\t\t\t\t<div class=\"sow-slider-image-container\">\n<div class=\"sow-slider-image-wrapper\">\n<h2 style=\"text-align: center\">WHERE THE IMPOSSIBLE IS POSSIBLE<\/h2>\n<\/div>\n<\/div>\n\t\t\t<\/div>\n\t\t<\/div>\n\t\t<div class=\"sow-slider-image-overlay sow-slider-image-cover\" style=\"opacity: 0.85\" data-background=\"url(https:\/\/www.paao2026.com\/wp-content\/uploads\/2025\/07\/Valparaiso-Chile.jpg)\"  ><\/div>\t\t<\/li>\n\t\t<\/ul>\t\t\t\t<ol class=\"sow-slider-pagination\">\n\t\t\t\t\t\t\t\t\t\t\t<li><a href=\"#\" data-goto=\"0\" aria-label=\"Display slide 1\"><\/a><\/li>\n\t\t\t\t\t\t\t\t\t\t\t<li><a href=\"#\" data-goto=\"1\" aria-label=\"Display slide 2\"><\/a><\/li>\n\t\t\t\t\t\t\t\t\t<\/ol>\n\n\t\t\t\t<div class=\"sow-slide-nav sow-slide-nav-next\">\n\t\t\t\t\t<a href=\"#\" data-goto=\"next\" aria-label=\"Next slide\" data-action=\"next\">\n\t\t\t\t\t\t<em class=\"sow-sld-icon-thin-right\"><\/em>\n\t\t\t\t\t<\/a>\n\t\t\t\t<\/div>\n\n\t\t\t\t<div class=\"sow-slide-nav sow-slide-nav-prev\">\n\t\t\t\t\t<a href=\"#\" data-goto=\"previous\" aria-label=\"Previous slide\" data-action=\"prev\">\n\t\t\t\t\t\t<em class=\"sow-sld-icon-thin-left\"><\/em>\n\t\t\t\t\t<\/a>\n\t\t\t\t<\/div>\n\t\t\t\t<\/div><\/div><\/div><\/div><\/div><\/div><\/div><div id=\"pg-77-1\"  class=\"panel-grid panel-has-style\" ><div class=\"panel-row-style panel-row-style-for-77-1\" ><div id=\"pgc-77-1-0\"  class=\"panel-grid-cell\" ><div id=\"panel-77-1-0-0\" class=\"so-panel widget widget_sow-headline panel-first-child panel-last-child\" data-index=\"1\" ><div\n\t\t\t\n\t\t\tclass=\"so-widget-sow-headline so-widget-sow-headline-default-d88336650208-77\"\n\t\t\t\n\t\t><div class=\"sow-headline-container\">\n\t\t\t\t\t\t\t<h1 class=\"sow-headline translation-block\">CONTINENTAL CHILE<\/h1>\n\t\t\t\t\t\t<\/div>\n<\/div><\/div><\/div><\/div><\/div><div id=\"pg-77-2\"  class=\"panel-grid panel-no-style\" ><div id=\"pgc-77-2-0\"  class=\"panel-grid-cell\" ><div id=\"panel-77-2-0-0\" class=\"so-panel widget widget_lsow-gallery-carousel panel-first-child panel-last-child\" data-index=\"2\" ><div\n\t\t\t\n\t\t\tclass=\"so-widget-lsow-gallery-carousel so-widget-lsow-gallery-carousel-default-3dd089290af6-77\"\n\t\t\t\n\t\t><div id=\"lsow-gallery-carousel-69d2908d7ed34\" class=\"lsow-gallery-carousel lsow-container gallery-carousel-2\" data-settings='{\"enable_lightbox\":true,\"image_size\":\"siteorigin-unwind-360x238-crop\",\"link_target\":\"_self\",\"display_item_title\":true,\"display_item_tags\":true,\"arrows\":true,\"autoplay\":true,\"autoplay_speed\":3000,\"animation_speed\":300,\"pause_on_hover\":true,\"display_columns\":3,\"scroll_columns\":3,\"gutter\":10,\"customize\":\"\",\"so_field_container_state\":\"open\",\"dots\":\"\",\"tablet_width\":800,\"tablet_display_columns\":2,\"tablet_scroll_columns\":2,\"mobile_width\":480,\"mobile_display_columns\":1,\"mobile_scroll_columns\":1}'><div class=\"lsow-gallery-carousel-item  lsow-image-type\"><div class=\"lsow-project-image\"><img loading=\"lazy\" decoding=\"async\" width=\"1080\" height=\"624\" src=\"https:\/\/www.paao2026.com\/wp-content\/uploads\/2025\/07\/Valle-Luna.jpeg\" class=\"lsow-image large\" alt=\"The Moon Valley\" srcset=\"https:\/\/www.paao2026.com\/wp-content\/uploads\/2025\/07\/Valle-Luna.jpeg 1080w, https:\/\/www.paao2026.com\/wp-content\/uploads\/2025\/07\/Valle-Luna-300x173.jpeg 300w, https:\/\/www.paao2026.com\/wp-content\/uploads\/2025\/07\/Valle-Luna-1024x592.jpeg 1024w, https:\/\/www.paao2026.com\/wp-content\/uploads\/2025\/07\/Valle-Luna-768x444.jpeg 768w\" sizes=\"auto, (max-width: 1080px) 100vw, 1080px\" \/><div class=\"lsow-image-info\"><div class=\"lsow-entry-info\"><h3 class=\"lsow-entry-title\">The Moon Valley<\/h3><span class=\"lsow-terms\"><\/span><\/div><a class=\"lsow-lightbox-item lsow-click-anywhere\" data-fancybox=\"gallery-carousel-2\" data-thumb=\"https:\/\/www.paao2026.com\/wp-content\/uploads\/2025\/07\/Valle-Luna-150x150.jpeg\" href=\"https:\/\/www.paao2026.com\/wp-content\/uploads\/2025\/07\/Valle-Luna.jpeg\" title=\"The Moon Valley\" data-description=\"\"><i class=\"lsow-icon-full-screen\"><\/i><\/a><\/div><!-- .lsow-image-info --><\/div><!-- .lsow-project-image --><\/div><!-- .lsow-gallery-carousel-item --><div class=\"lsow-gallery-carousel-item  lsow-image-type\"><div class=\"lsow-project-image\"><img loading=\"lazy\" decoding=\"async\" width=\"848\" height=\"505\" src=\"https:\/\/www.paao2026.com\/wp-content\/uploads\/2025\/07\/5804_ficha-Valle-del-Elqui-e1752188057564.jpg\" class=\"lsow-image large\" alt=\"Elqui Valley\" srcset=\"https:\/\/www.paao2026.com\/wp-content\/uploads\/2025\/07\/5804_ficha-Valle-del-Elqui-e1752188057564.jpg 848w, https:\/\/www.paao2026.com\/wp-content\/uploads\/2025\/07\/5804_ficha-Valle-del-Elqui-e1752188057564-300x179.jpg 300w, https:\/\/www.paao2026.com\/wp-content\/uploads\/2025\/07\/5804_ficha-Valle-del-Elqui-e1752188057564-768x457.jpg 768w\" sizes=\"auto, (max-width: 848px) 100vw, 848px\" \/><div class=\"lsow-image-info\"><div class=\"lsow-entry-info\"><h3 class=\"lsow-entry-title\">Elqui Valley<\/h3><span class=\"lsow-terms\"><\/span><\/div><a class=\"lsow-lightbox-item lsow-click-anywhere\" data-fancybox=\"gallery-carousel-2\" data-thumb=\"https:\/\/www.paao2026.com\/wp-content\/uploads\/2025\/07\/5804_ficha-Valle-del-Elqui-e1752188057564-150x150.jpg\" href=\"https:\/\/www.paao2026.com\/wp-content\/uploads\/2025\/07\/5804_ficha-Valle-del-Elqui-e1752188057564.jpg\" title=\"Elqui Valley\" data-description=\"\"><i class=\"lsow-icon-full-screen\"><\/i><\/a><\/div><!-- .lsow-image-info --><\/div><!-- .lsow-project-image --><\/div><!-- .lsow-gallery-carousel-item --><div class=\"lsow-gallery-carousel-item  lsow-image-type\"><div class=\"lsow-project-image\"><img loading=\"lazy\" decoding=\"async\" width=\"847\" height=\"490\" src=\"https:\/\/www.paao2026.com\/wp-content\/uploads\/2025\/07\/13966810_m-Valle-de-La-Luna-Salar-e1752188090750.jpg\" class=\"lsow-image large\" alt=\"Atacama desert\" srcset=\"https:\/\/www.paao2026.com\/wp-content\/uploads\/2025\/07\/13966810_m-Valle-de-La-Luna-Salar-e1752188090750.jpg 847w, https:\/\/www.paao2026.com\/wp-content\/uploads\/2025\/07\/13966810_m-Valle-de-La-Luna-Salar-e1752188090750-300x174.jpg 300w, https:\/\/www.paao2026.com\/wp-content\/uploads\/2025\/07\/13966810_m-Valle-de-La-Luna-Salar-e1752188090750-768x444.jpg 768w\" sizes=\"auto, (max-width: 847px) 100vw, 847px\" \/><div class=\"lsow-image-info\"><div class=\"lsow-entry-info\"><h3 class=\"lsow-entry-title\">Atacama desert<\/h3><span class=\"lsow-terms\"><\/span><\/div><a class=\"lsow-lightbox-item lsow-click-anywhere\" data-fancybox=\"gallery-carousel-2\" data-thumb=\"https:\/\/www.paao2026.com\/wp-content\/uploads\/2025\/07\/13966810_m-Valle-de-La-Luna-Salar-e1752188090750-150x150.jpg\" href=\"https:\/\/www.paao2026.com\/wp-content\/uploads\/2025\/07\/13966810_m-Valle-de-La-Luna-Salar-e1752188090750.jpg\" title=\"Atacama desert\" data-description=\"\"><i class=\"lsow-icon-full-screen\"><\/i><\/a><\/div><!-- .lsow-image-info --><\/div><!-- .lsow-project-image --><\/div><!-- .lsow-gallery-carousel-item --><div class=\"lsow-gallery-carousel-item  lsow-image-type\"><div class=\"lsow-project-image\"><img loading=\"lazy\" decoding=\"async\" width=\"849\" height=\"564\" src=\"https:\/\/www.paao2026.com\/wp-content\/uploads\/2025\/07\/13338817_m.jpg\" class=\"lsow-image large\" alt=\"Easter Island\" srcset=\"https:\/\/www.paao2026.com\/wp-content\/uploads\/2025\/07\/13338817_m.jpg 849w, https:\/\/www.paao2026.com\/wp-content\/uploads\/2025\/07\/13338817_m-300x199.jpg 300w, https:\/\/www.paao2026.com\/wp-content\/uploads\/2025\/07\/13338817_m-768x510.jpg 768w, https:\/\/www.paao2026.com\/wp-content\/uploads\/2025\/07\/13338817_m-263x174.jpg 263w, https:\/\/www.paao2026.com\/wp-content\/uploads\/2025\/07\/13338817_m-360x240.jpg 360w, https:\/\/www.paao2026.com\/wp-content\/uploads\/2025\/07\/13338817_m-272x182.jpg 272w\" sizes=\"auto, (max-width: 849px) 100vw, 849px\" \/><div class=\"lsow-image-info\"><div class=\"lsow-entry-info\"><h3 class=\"lsow-entry-title\">Easter Island<\/h3><span class=\"lsow-terms\"><\/span><\/div><a class=\"lsow-lightbox-item lsow-click-anywhere\" data-fancybox=\"gallery-carousel-2\" data-thumb=\"https:\/\/www.paao2026.com\/wp-content\/uploads\/2025\/07\/13338817_m-150x150.jpg\" href=\"https:\/\/www.paao2026.com\/wp-content\/uploads\/2025\/07\/13338817_m.jpg\" title=\"Easter Island\" data-description=\"\"><i class=\"lsow-icon-full-screen\"><\/i><\/a><\/div><!-- .lsow-image-info --><\/div><!-- .lsow-project-image --><\/div><!-- .lsow-gallery-carousel-item --><div class=\"lsow-gallery-carousel-item  lsow-image-type\"><div class=\"lsow-project-image\"><img loading=\"lazy\" decoding=\"async\" width=\"800\" height=\"422\" src=\"https:\/\/www.paao2026.com\/wp-content\/uploads\/2025\/07\/Valparaiso.jpg\" class=\"lsow-image large\" alt=\"Valparaiso\" srcset=\"https:\/\/www.paao2026.com\/wp-content\/uploads\/2025\/07\/Valparaiso.jpg 800w, https:\/\/www.paao2026.com\/wp-content\/uploads\/2025\/07\/Valparaiso-300x158.jpg 300w, https:\/\/www.paao2026.com\/wp-content\/uploads\/2025\/07\/Valparaiso-768x405.jpg 768w\" sizes=\"auto, (max-width: 800px) 100vw, 800px\" \/><div class=\"lsow-image-info\"><div class=\"lsow-entry-info\"><h3 class=\"lsow-entry-title\">Valparaiso<\/h3><span class=\"lsow-terms\"><\/span><\/div><a class=\"lsow-lightbox-item lsow-click-anywhere\" data-fancybox=\"gallery-carousel-2\" data-thumb=\"https:\/\/www.paao2026.com\/wp-content\/uploads\/2025\/07\/Valparaiso-150x150.jpg\" href=\"https:\/\/www.paao2026.com\/wp-content\/uploads\/2025\/07\/Valparaiso.jpg\" title=\"Valparaiso\" data-description=\"\"><i class=\"lsow-icon-full-screen\"><\/i><\/a><\/div><!-- .lsow-image-info --><\/div><!-- .lsow-project-image --><\/div><!-- .lsow-gallery-carousel-item --><div class=\"lsow-gallery-carousel-item  lsow-image-type\"><div class=\"lsow-project-image\"><img loading=\"lazy\" decoding=\"async\" width=\"1024\" height=\"768\" src=\"https:\/\/www.paao2026.com\/wp-content\/uploads\/2025\/07\/pucon.jpg\" class=\"lsow-image large\" alt=\"Villarrica Volcano\" srcset=\"https:\/\/www.paao2026.com\/wp-content\/uploads\/2025\/07\/pucon.jpg 1024w, https:\/\/www.paao2026.com\/wp-content\/uploads\/2025\/07\/pucon-300x225.jpg 300w, https:\/\/www.paao2026.com\/wp-content\/uploads\/2025\/07\/pucon-768x576.jpg 768w\" sizes=\"auto, (max-width: 1024px) 100vw, 1024px\" \/><div class=\"lsow-image-info\"><div class=\"lsow-entry-info\"><h3 class=\"lsow-entry-title\">Villarrica Volcano<\/h3><span class=\"lsow-terms\"><\/span><\/div><a class=\"lsow-lightbox-item lsow-click-anywhere\" data-fancybox=\"gallery-carousel-2\" data-thumb=\"https:\/\/www.paao2026.com\/wp-content\/uploads\/2025\/07\/pucon-150x150.jpg\" href=\"https:\/\/www.paao2026.com\/wp-content\/uploads\/2025\/07\/pucon.jpg\" title=\"Villarrica Volcano\" data-description=\"\"><i class=\"lsow-icon-full-screen\"><\/i><\/a><\/div><!-- .lsow-image-info --><\/div><!-- .lsow-project-image --><\/div><!-- .lsow-gallery-carousel-item --><div class=\"lsow-gallery-carousel-item  lsow-image-type\"><div class=\"lsow-project-image\"><img loading=\"lazy\" decoding=\"async\" width=\"400\" height=\"300\" src=\"https:\/\/www.paao2026.com\/wp-content\/uploads\/2025\/07\/valdivia.jpg\" class=\"lsow-image large\" alt=\"Valdivia city\" srcset=\"https:\/\/www.paao2026.com\/wp-content\/uploads\/2025\/07\/valdivia.jpg 400w, https:\/\/www.paao2026.com\/wp-content\/uploads\/2025\/07\/valdivia-300x225.jpg 300w\" sizes=\"auto, (max-width: 400px) 100vw, 400px\" \/><div class=\"lsow-image-info\"><div class=\"lsow-entry-info\"><h3 class=\"lsow-entry-title\">Valdivia city<\/h3><span class=\"lsow-terms\"><\/span><\/div><a class=\"lsow-lightbox-item lsow-click-anywhere\" data-fancybox=\"gallery-carousel-2\" data-thumb=\"https:\/\/www.paao2026.com\/wp-content\/uploads\/2025\/07\/valdivia-150x150.jpg\" href=\"https:\/\/www.paao2026.com\/wp-content\/uploads\/2025\/07\/valdivia.jpg\" title=\"Valdivia city\" data-description=\"\"><i class=\"lsow-icon-full-screen\"><\/i><\/a><\/div><!-- .lsow-image-info --><\/div><!-- .lsow-project-image --><\/div><!-- .lsow-gallery-carousel-item --><div class=\"lsow-gallery-carousel-item  lsow-image-type\"><div class=\"lsow-project-image\"><img loading=\"lazy\" decoding=\"async\" width=\"896\" height=\"535\" src=\"https:\/\/www.paao2026.com\/wp-content\/uploads\/2025\/07\/9849039_m-Torres-del-Paine.jpg\" class=\"lsow-image large\" alt=\"Torres del Paine\" srcset=\"https:\/\/www.paao2026.com\/wp-content\/uploads\/2025\/07\/9849039_m-Torres-del-Paine.jpg 896w, https:\/\/www.paao2026.com\/wp-content\/uploads\/2025\/07\/9849039_m-Torres-del-Paine-300x179.jpg 300w, https:\/\/www.paao2026.com\/wp-content\/uploads\/2025\/07\/9849039_m-Torres-del-Paine-768x459.jpg 768w\" sizes=\"auto, (max-width: 896px) 100vw, 896px\" \/><div class=\"lsow-image-info\"><div class=\"lsow-entry-info\"><h3 class=\"lsow-entry-title\">Torres del Paine<\/h3><span class=\"lsow-terms\"><\/span><\/div><a class=\"lsow-lightbox-item lsow-click-anywhere\" data-fancybox=\"gallery-carousel-2\" data-thumb=\"https:\/\/www.paao2026.com\/wp-content\/uploads\/2025\/07\/9849039_m-Torres-del-Paine-150x150.jpg\" href=\"https:\/\/www.paao2026.com\/wp-content\/uploads\/2025\/07\/9849039_m-Torres-del-Paine.jpg\" title=\"Torres del Paine\" data-description=\"\"><i class=\"lsow-icon-full-screen\"><\/i><\/a><\/div><!-- .lsow-image-info --><\/div><!-- .lsow-project-image --><\/div><!-- .lsow-gallery-carousel-item --><\/div><!-- .lsow-gallery-carousel --><\/div><\/div><\/div><\/div><div id=\"pg-77-3\"  class=\"panel-grid panel-no-style\" ><div id=\"pgc-77-3-0\"  class=\"panel-grid-cell\" ><div id=\"panel-77-3-0-0\" class=\"so-panel widget widget_sow-editor panel-first-child panel-last-child\" data-index=\"3\" ><div\n\t\t\t\n\t\t\tclass=\"so-widget-sow-editor so-widget-sow-editor-base\"\n\t\t\t\n\t\t>\n<div class=\"siteorigin-widget-tinymce textwidget\">\n\t<style>\n        body {<br \/>            font-family: Arial, sans-serif;<br \/>            margin: 40px;<br \/>        }<br \/>        .justified-text {<br \/>            text-align: justify;<br \/>            margin: 0; \/* Remove margins from the container *\/<br \/>        }<br \/>        .justified-text p {<br \/>            margin: 0;<br \/>            padding: 0;<br \/>            text-indent: 0; \/* No indentation on paragraphs *\/<br \/>        }<br \/>    <\/style>\n<div class=\"justified-text\">\n<p>Chile is a land of incredible diversity, stretching along the southwestern coast of South America. From the world's driest desert, the Atacama, to the lush forests and fjords of Patagonia, Chile offers a unique landscape. The country's long and narrow shape allows you to experience everything from sandy beaches to snow-capped mountains in just a few hours.<\/p>\n<p>In the north, explore the surreal landscapes of the Atacama Desert, with its otherworldly salt flats, geysers and the Valley of the Moon. Head south to the Lake District, where glacial lakes, towering volcanoes and lush national parks offer endless opportunities for adventure.<\/p>\n<p>Further south, Patagonia's dramatic landscape includes the iconic Torres del Paine National Park, a paradise for hikers and nature lovers. For those seeking a cultural experience, Chile's vibrant capital, Santiago, offers a mix of modernity and tradition, with its bustling markets, museums and lively neighborhoods.<\/p>\n<p>Chile's wine region is also a must-see, with world-renowned vineyards producing some of the best wines in South America. Whether you are a lover of adventure, nature or culture, Chile has something to offer for everyone.<\/p>\n<p>We invite you to come and discover the magic of Chile, a country where the beauty of nature has no limits and every trip is an adventure waiting to be lived.<\/p>\n<\/div>\n<\/div>\n<\/div><\/div><\/div><\/div><div id=\"pg-77-4\"  class=\"panel-grid panel-has-style\" ><div class=\"panel-row-style panel-row-style-for-77-4\" ><div id=\"pgc-77-4-0\"  class=\"panel-grid-cell\" ><div id=\"panel-77-4-0-0\" class=\"so-panel widget widget_lsow-accordion panel-first-child panel-last-child\" data-index=\"4\" ><div\n\t\t\t\n\t\t\tclass=\"so-widget-lsow-accordion so-widget-lsow-accordion-default-d75171398898-77\"\n\t\t\t\n\t\t>\n<div class=\"lsow-accordion style3\" data-toggle=\"false\" data-expanded=\"false\"><div class=\"lsow-panel\" id=\"requerimientos-de-viaje\"><div class=\"lsow-panel-title\">Travel requirements<\/div><div class=\"lsow-panel-content\">To visit Chile, you only need to show your identification document (identity card or passport) and, depending on your country of origin, your stamped visa.<\/p>\nIf you are a citizen of South America, the European Union, the United States or Canada, you do not need a tourist visa. However, some countries must pay a cash fee (reciprocity tax) upon arrival at the airport in Chile.<\/p>\nPeople coming from Australia need a specific E-visa which can be obtained here<\/a>.<\/p>\n<\/div><\/div><!-- .lsow-panel --><div class=\"lsow-panel\" id=\"salud-y-seguridad\"><div class=\"lsow-panel-title\">Health and safety<\/div><div class=\"lsow-panel-content\">If you are coming to Chile, you should take into account some recommendations that will help you to have a safe and pleasant experience:<\/p>\n When traveling in the country, as in all major cities around the world, you should be careful with your bags and suitcases to avoid petty theft.<\/p>\n Bring copies of important documents, such as your passport.<\/p>\n Avoid walking alone at night in certain areas.<\/p>\n Do not carry valuables that attract too much attention on public roads.<\/p>\n<\/div><\/div><!-- .lsow-panel --><\/div><!-- .lsow-accordion --><\/div><\/div><\/div><div id=\"pgc-77-4-1\"  class=\"panel-grid-cell\" ><div id=\"panel-77-4-1-0\" class=\"so-panel widget widget_lsow-accordion panel-first-child panel-last-child\" data-index=\"5\" ><div\n\t\t\t\n\t\t\tclass=\"so-widget-lsow-accordion so-widget-lsow-accordion-default-d75171398898-77\"\n\t\t\t\n\t\t>\n<div class=\"lsow-accordion style3\" data-toggle=\"false\" data-expanded=\"false\"><div class=\"lsow-panel\" id=\"idioma\"><div class=\"lsow-panel-title\">Language<\/div><div class=\"lsow-panel-content\">The official language of Chile is Spanish, but there are also communities in the country that speak indigenous languages.<\/p>\n<\/div><\/div><!-- .lsow-panel --><div class=\"lsow-panel\" id=\"estaci%c3%b3n-y-clima\"><div class=\"lsow-panel-title\">Season and Weather<\/div><div class=\"lsow-panel-content\">Summer is between January and March, and winter between July and September. For the month of the SLAP 2025 Congress (November) we will be in spring with minimum temperatures of 15\u00b0C and some days with maximum temperatures of 30\u00b0C.<\/p>\nYou will find a wide variety of climates ranging from desert climate in the north to tundra and polar climate in the south.<\/p>\n<\/div><\/div><!-- .lsow-panel --><\/div><!-- .lsow-accordion --><\/div><\/div><\/div><\/div><\/div><div id=\"pg-77-5\"  class=\"panel-grid panel-has-style\" ><div class=\"panel-row-style panel-row-style-for-77-5\" ><div id=\"pgc-77-5-0\"  class=\"panel-grid-cell\" ><div id=\"panel-77-5-0-0\" class=\"so-panel widget widget_sow-headline panel-first-child\" data-index=\"6\" ><div\n\t\t\t\n\t\t\tclass=\"so-widget-sow-headline so-widget-sow-headline-default-3e70768751b9-77\"\n\t\t\t\n\t\t><div class=\"sow-headline-container\">\n\t\t\t\t\t\t\t<h1 class=\"sow-headline translation-block\">WELCOME TO CHILE<\/h1>\n\t\t\t\t\t\t<\/div>\n<\/div><\/div><div id=\"panel-77-5-0-1\" class=\"widget_text so-panel widget widget_custom_html panel-last-child\" data-index=\"7\" ><div class=\"textwidget custom-html-widget\"><iframe loading=\"lazy\" width=\"560\" height=\"315\" src=\"https:\/\/www.youtube.com\/embed\/eSYpegYD4jc?si=W_UgO-b4PDkcW3-3\" title=\"YouTube video player\" frameborder=\"0\" allow=\"accelerometer; autoplay; clipboard-write; encrypted-media; gyroscope; picture-in-picture; web-share\" referrerpolicy=\"strict-origin-when-cross-origin\" allowfullscreen><\/iframe><\/div><\/div><\/div><\/div><\/div><div id=\"pg-77-6\"  class=\"panel-grid panel-has-style\" ><div class=\"siteorigin-panels-stretch panel-row-style panel-row-style-for-77-6\" id=\"share\" data-stretch-type=\"full\" ><div id=\"pgc-77-6-0\"  class=\"panel-grid-cell\" ><div id=\"panel-77-6-0-0\" class=\"so-panel widget widget_sow-headline panel-first-child panel-last-child\" data-index=\"8\" ><div\n\t\t\t\n\t\t\tclass=\"so-widget-sow-headline so-widget-sow-headline-default-0037921b2266-77\"\n\t\t\t\n\t\t><div class=\"sow-headline-container\">\n\t\t\t\t\t\t\t<p class=\"sow-headline translation-block\"><b>FOLLOW US<\/b> AND SHARE<\/p>\n\t\t\t\t\t\t<\/div>\n<\/div><\/div><\/div><div id=\"pgc-77-6-1\"  class=\"panel-grid-cell\" ><div class=\"redes panel-cell-style panel-cell-style-for-77-6-1\" ><div id=\"panel-77-6-1-0\" class=\"so-panel widget widget_sow-social-media-buttons panel-first-child panel-last-child\" data-index=\"9\" ><div class=\"redes panel-widget-style panel-widget-style-for-77-6-1-0\" ><div\n\t\t\t\n\t\t\tclass=\"so-widget-sow-social-media-buttons so-widget-sow-social-media-buttons-flat-58761df12c36-77\"\n\t\t\t\n\t\t>\n\n<div class=\"social-media-button-container\">\n\t\n\t\t<a \n\t\tclass=\"ow-button-hover sow-social-media-button-instagram-0 sow-social-media-button\" title=\"Curso Regional Panamericano de Oftalmolog\u00eda on Instagram\" aria-label=\"Curso Regional Panamericano de Oftalmolog\u00eda on Instagram\" target=\"_blank\" rel=\"noopener noreferrer\" href=\"https:\/\/www.instagram.com\/sochiof.ag\/\" \t\t>\n\t\t\t<span>\n\t\t\t\t\t\t\t\t<span class=\"sow-icon-fontawesome sow-fab\" data-sow-icon=\"&#xf16d;\"\n\t\t \n\t\taria-hidden=\"true\"><\/span>\t\t\t\t\t\t\t<\/span>\n\t\t<\/a>\n\t\n\t\t<a \n\t\tclass=\"ow-button-hover sow-social-media-button-facebook-0 sow-social-media-button\" title=\"Curso Regional Panamericano de Oftalmolog\u00eda on Facebook\" aria-label=\"Curso Regional Panamericano de Oftalmolog\u00eda on Facebook\" target=\"_blank\" rel=\"noopener noreferrer\" href=\"https:\/\/www.facebook.com\/sochiof\" \t\t>\n\t\t\t<span>\n\t\t\t\t\t\t\t\t<span class=\"sow-icon-fontawesome sow-fab\" data-sow-icon=\"&#xf39e;\"\n\t\t \n\t\taria-hidden=\"true\"><\/span>\t\t\t\t\t\t\t<\/span>\n\t\t<\/a>\n\t\n\t\t<a \n\t\tclass=\"ow-button-hover sow-social-media-button-x-twitter-0 sow-social-media-button\" title=\"Curso Regional Panamericano de Oftalmolog\u00eda on X Twitter\" aria-label=\"Curso Regional Panamericano de Oftalmolog\u00eda on X Twitter\" target=\"_blank\" rel=\"noopener noreferrer\" href=\"https:\/\/x.com\/sochiof\" \t\t>\n\t\t\t<span>\n\t\t\t\t\t\t\t\t<span class=\"sow-icon-fontawesome sow-fab\" data-sow-icon=\"&#xe61b;\"\n\t\t \n\t\taria-hidden=\"true\"><\/span>\t\t\t\t\t\t\t<\/span>\n\t\t<\/a>\n\t\n\t\t<a \n\t\tclass=\"ow-button-hover sow-social-media-button-linkedin-0 sow-social-media-button\" title=\"Curso Regional Panamericano de Oftalmolog\u00eda on Linkedin\" aria-label=\"Curso Regional Panamericano de Oftalmolog\u00eda on Linkedin\" target=\"_blank\" rel=\"noopener noreferrer\" href=\"https:\/\/www.linkedin.com\/company\/sochiof-ag\/posts\/?feedView=all\" \t\t>\n\t\t\t<span>\n\t\t\t\t\t\t\t\t<span class=\"sow-icon-fontawesome sow-fab\" data-sow-icon=\"&#xf0e1;\"\n\t\t \n\t\taria-hidden=\"true\"><\/span>\t\t\t\t\t\t\t<\/span>\n\t\t<\/a>\n\t<\/div>\n<\/div><\/div><\/div><\/div><\/div><\/div><\/div><\/div>","protected":false},"excerpt":{"rendered":"<p>DESCUBRE CHILE DONDE LO IMPOSIBLE ES POSIBLE CHILE CONTINENTAL The Moon ValleyElqui ValleyAtacama desertEaster IslandValparaisoVillarrica VolcanoValdivia cityTorres del Paine Chile es una tierra de incre\u00edble diversidad, que se extiende a lo largo de la costa suroeste de Sudam\u00e9rica. Desde el desierto m\u00e1s \u00e1rido del mundo, el Atacama, hasta los exuberantes bosques y fiordos de la&#8230;<\/p>\n<div class=\"more-link-wrapper\"><a class=\"more-link\" href=\"https:\/\/www.paao2026.com\/en\/chile\/\"><span class=\"more-text\">Continue reading<\/span><\/a><\/div>","protected":false},"author":1,"featured_media":0,"parent":0,"menu_order":0,"comment_status":"closed","ping_status":"closed","template":"","meta":{"footnotes":""},"class_list":["post-77","page","type-page","status-publish","hentry","post"],"_links":{"self":[{"href":"https:\/\/www.paao2026.com\/en\/wp-json\/wp\/v2\/pages\/77","targetHints":{"allow":["GET"]}}],"collection":[{"href":"https:\/\/www.paao2026.com\/en\/wp-json\/wp\/v2\/pages"}],"about":[{"href":"https:\/\/www.paao2026.com\/en\/wp-json\/wp\/v2\/types\/page"}],"author":[{"embeddable":true,"href":"https:\/\/www.paao2026.com\/en\/wp-json\/wp\/v2\/users\/1"}],"replies":[{"embeddable":true,"href":"https:\/\/www.paao2026.com\/en\/wp-json\/wp\/v2\/comments?post=77"}],"version-history":[{"count":13,"href":"https:\/\/www.paao2026.com\/en\/wp-json\/wp\/v2\/pages\/77\/revisions"}],"predecessor-version":[{"id":759,"href":"https:\/\/www.paao2026.com\/en\/wp-json\/wp\/v2\/pages\/77\/revisions\/759"}],"wp:attachment":[{"href":"https:\/\/www.paao2026.com\/en\/wp-json\/wp\/v2\/media?parent=77"}],"curies":[{"name":"wp","href":"https:\/\/api.w.org\/{rel}","templated":true}]}}